{"id":87,"date":"2021-08-17T11:01:01","date_gmt":"2021-08-17T11:01:01","guid":{"rendered":"https:\/\/difilcon.fi\/wp\/?page_id=87"},"modified":"2021-08-17T11:41:56","modified_gmt":"2021-08-17T11:41:56","slug":"laatujarjestelma","status":"publish","type":"page","link":"https:\/\/difilcon.fi\/wp\/laatujarjestelma\/","title":{"rendered":"Johtamisj\u00e4rjestelm\u00e4"},"content":{"rendered":"\n<h2 id=\"mita-hyotya-yritykselle-on-iso-9001-standardista-\">Mit\u00e4 hy\u00f6ty\u00e4 yritykselle on ISO 9001 -standardista laatuj\u00e4rjestelm\u00e4st\u00e4?\u00a0<\/h2>\n\n\n\n<ul><li>Varmistaa, ett\u00e4 yritys pystyy jatkuvasti tuottamaan asiakkaiden tarpeet t\u00e4ytt\u00e4vi\u00e4 tuotteita tai palveluja<\/li><li>Tukee toiminnan ja prosessien jatkuvassa kehitt\u00e4misess\u00e4<\/li><li>Kasvattaa asiakkaiden luottamusta yritykseen<\/li><li>Parantaa henkil\u00f6st\u00f6n osallistumista, motivaatiota ja tietoisuutta asiakastarpeista<\/li><li>Selkeytt\u00e4\u00e4 vastuunjakoa<\/li><li>Parantaa riskienhallintaa<\/li><li>Toimii ty\u00f6kaluna toimittajasuhteiden kehitt\u00e4misess\u00e4<\/li><li>Parantaa muutostenhallintaa<\/li><li>V\u00e4hent\u00e4\u00e4 virheit\u00e4 ja poikkeamia<\/li><li>V\u00e4hent\u00e4\u00e4 laatukustannuksia<\/li><li>Parantaa asiakastyytyv\u00e4isyytt\u00e4 ja asiakkaiden sitoutumista yritykseen<\/li><\/ul>\n\n\n\n<h2>Pystymme tarjoamaan k\u00e4ytt\u00f6\u00f6nne laajan palvelukokonaisuuden!<\/h2>\n\n\n\n<ul><li>Laatupolitiikka ja -strategia tavoitteineen, joka sis\u00e4llytett\u00e4v\u00e4 kiinte\u00e4ksi osaksi organisaation liiketoimintastrategiaa.<\/li><li>Organisaation johdon sitouttaminen ja vastuullistaminen laatujohtamiseen.<\/li><li>Riskienhallinta, tunnistaminen ja huomioon ottaminen p\u00e4\u00e4t\u00f6ksenteossa.<\/li><li>Prosessien ja organisaation kuvaaminen.<\/li><li>Helppok\u00e4ytt\u00f6isen\u00a0pilvipalvelun korvaamaan hankalasti hallittavat dokumentit, kaikkien yleisimpien standardien mukaiset j\u00e4rjestelm\u00e4t samalla palvelulla.<\/li><\/ul>\n\n\n\n<p><a href=\"https:\/\/difilcon.fi\/wp\/ota-yhteytta\/\">Ota Yhteytt\u00e4!<\/a><\/p>\n","protected":false},"excerpt":{"rendered":"<p>Mit\u00e4 hy\u00f6ty\u00e4 yritykselle on ISO 9001 -standardista laatuj\u00e4rjestelm\u00e4st\u00e4?\u00a0 Varmistaa, ett\u00e4 yritys pystyy jatkuvasti tuottamaan asiakkaiden tarpeet t\u00e4ytt\u00e4vi\u00e4 tuotteita tai palveluja Tukee toiminnan ja prosessien jatkuvassa kehitt\u00e4misess\u00e4 Kasvattaa asiakkaiden luottamusta yritykseen Parantaa henkil\u00f6st\u00f6n osallistumista, motivaatiota ja tietoisuutta asiakastarpeista Selkeytt\u00e4\u00e4 vastuunjakoa Parantaa riskienhallintaa Toimii ty\u00f6kaluna toimittajasuhteiden kehitt\u00e4misess\u00e4 Parantaa muutostenhallintaa V\u00e4hent\u00e4\u00e4 virheit\u00e4 ja poikkeamia V\u00e4hent\u00e4\u00e4 laatukustannuksia Parantaa asiakastyytyv\u00e4isyytt\u00e4 &hellip; <\/p>\n<p class=\"link-more\"><a href=\"https:\/\/difilcon.fi\/wp\/laatujarjestelma\/\" class=\"more-link\">Jatka lukemista<span class=\"screen-reader-text\"> &#8221;Johtamisj\u00e4rjestelm\u00e4&#8221;<\/span><\/a><\/p>\n","protected":false},"author":1,"featured_media":0,"parent":0,"menu_order":0,"comment_status":"closed","ping_status":"closed","template":"","meta":[],"yoast_head":"<!-- This site is optimized with the Yoast SEO plugin v18.4.1 - https:\/\/yoast.com\/wordpress\/plugins\/seo\/ -->\n<title>Johtamisj\u00e4rjestelm\u00e4 -<\/title>\n<meta name=\"description\" content=\"Mit\u00e4 hy\u00f6ty\u00e4 yritykselle on ISO 9001 -standardista ja laatuj\u00e4rjestelm\u00e4st\u00e4?\" \/>\n<meta name=\"robots\" content=\"index, follow, max-snippet:-1, max-image-preview:large, max-video-preview:-1\" \/>\n<link rel=\"canonical\" href=\"https:\/\/difilcon.fi\/wp\/laatujarjestelma\/\" \/>\n<meta property=\"og:locale\" content=\"fi_FI\" \/>\n<meta property=\"og:type\" content=\"article\" \/>\n<meta property=\"og:title\" content=\"Johtamisj\u00e4rjestelm\u00e4 -\" \/>\n<meta property=\"og:description\" content=\"Mit\u00e4 hy\u00f6ty\u00e4 yritykselle on ISO 9001 -standardista ja laatuj\u00e4rjestelm\u00e4st\u00e4?\" \/>\n<meta property=\"og:url\" content=\"https:\/\/difilcon.fi\/wp\/laatujarjestelma\/\" \/>\n<meta property=\"article:modified_time\" content=\"2021-08-17T11:41:56+00:00\" \/>\n<meta name=\"twitter:card\" content=\"summary_large_image\" \/>\n<meta name=\"twitter:label1\" content=\"Arvioitu lukuaika\" \/>\n\t<meta name=\"twitter:data1\" content=\"1 minuutti\" \/>\n<script type=\"application\/ld+json\" class=\"yoast-schema-graph\">{\"@context\":\"https:\/\/schema.org\",\"@graph\":[{\"@type\":\"Organization\",\"@id\":\"https:\/\/difilcon.fi\/wp\/#organization\",\"name\":\"Difilcon Oy\",\"url\":\"https:\/\/difilcon.fi\/wp\/\",\"sameAs\":[],\"logo\":{\"@type\":\"ImageObject\",\"@id\":\"https:\/\/difilcon.fi\/wp\/#logo\",\"inLanguage\":\"fi\",\"url\":\"https:\/\/difilcon.fi\/wp\/wp-content\/uploads\/2020\/03\/LogoW.png\",\"contentUrl\":\"https:\/\/difilcon.fi\/wp\/wp-content\/uploads\/2020\/03\/LogoW.png\",\"width\":749,\"height\":322,\"caption\":\"Difilcon Oy\"},\"image\":{\"@id\":\"https:\/\/difilcon.fi\/wp\/#logo\"}},{\"@type\":\"WebSite\",\"@id\":\"https:\/\/difilcon.fi\/wp\/#website\",\"url\":\"https:\/\/difilcon.fi\/wp\/\",\"name\":\"Difilcon Oy\",\"description\":\"\",\"publisher\":{\"@id\":\"https:\/\/difilcon.fi\/wp\/#organization\"},\"potentialAction\":[{\"@type\":\"SearchAction\",\"target\":{\"@type\":\"EntryPoint\",\"urlTemplate\":\"https:\/\/difilcon.fi\/wp\/?s={search_term_string}\"},\"query-input\":\"required name=search_term_string\"}],\"inLanguage\":\"fi\"},{\"@type\":\"WebPage\",\"@id\":\"https:\/\/difilcon.fi\/wp\/laatujarjestelma\/#webpage\",\"url\":\"https:\/\/difilcon.fi\/wp\/laatujarjestelma\/\",\"name\":\"Johtamisj\u00e4rjestelm\u00e4 -\",\"isPartOf\":{\"@id\":\"https:\/\/difilcon.fi\/wp\/#website\"},\"datePublished\":\"2021-08-17T11:01:01+00:00\",\"dateModified\":\"2021-08-17T11:41:56+00:00\",\"description\":\"Mit\u00e4 hy\u00f6ty\u00e4 yritykselle on ISO 9001 -standardista ja laatuj\u00e4rjestelm\u00e4st\u00e4?\",\"breadcrumb\":{\"@id\":\"https:\/\/difilcon.fi\/wp\/laatujarjestelma\/#breadcrumb\"},\"inLanguage\":\"fi\",\"potentialAction\":[{\"@type\":\"ReadAction\",\"target\":[\"https:\/\/difilcon.fi\/wp\/laatujarjestelma\/\"]}]},{\"@type\":\"BreadcrumbList\",\"@id\":\"https:\/\/difilcon.fi\/wp\/laatujarjestelma\/#breadcrumb\",\"itemListElement\":[{\"@type\":\"ListItem\",\"position\":1,\"name\":\"Etusivu\",\"item\":\"https:\/\/difilcon.fi\/wp\/\"},{\"@type\":\"ListItem\",\"position\":2,\"name\":\"Johtamisj\u00e4rjestelm\u00e4\"}]}]}<\/script>\n<!-- \/ Yoast SEO plugin. -->","yoast_head_json":{"title":"Johtamisj\u00e4rjestelm\u00e4 -","description":"Mit\u00e4 hy\u00f6ty\u00e4 yritykselle on ISO 9001 -standardista ja laatuj\u00e4rjestelm\u00e4st\u00e4?","robots":{"index":"index","follow":"follow","max-snippet":"max-snippet:-1","max-image-preview":"max-image-preview:large","max-video-preview":"max-video-preview:-1"},"canonical":"https:\/\/difilcon.fi\/wp\/laatujarjestelma\/","og_locale":"fi_FI","og_type":"article","og_title":"Johtamisj\u00e4rjestelm\u00e4 -","og_description":"Mit\u00e4 hy\u00f6ty\u00e4 yritykselle on ISO 9001 -standardista ja laatuj\u00e4rjestelm\u00e4st\u00e4?","og_url":"https:\/\/difilcon.fi\/wp\/laatujarjestelma\/","article_modified_time":"2021-08-17T11:41:56+00:00","twitter_card":"summary_large_image","twitter_misc":{"Arvioitu lukuaika":"1 minuutti"},"schema":{"@context":"https:\/\/schema.org","@graph":[{"@type":"Organization","@id":"https:\/\/difilcon.fi\/wp\/#organization","name":"Difilcon Oy","url":"https:\/\/difilcon.fi\/wp\/","sameAs":[],"logo":{"@type":"ImageObject","@id":"https:\/\/difilcon.fi\/wp\/#logo","inLanguage":"fi","url":"https:\/\/difilcon.fi\/wp\/wp-content\/uploads\/2020\/03\/LogoW.png","contentUrl":"https:\/\/difilcon.fi\/wp\/wp-content\/uploads\/2020\/03\/LogoW.png","width":749,"height":322,"caption":"Difilcon Oy"},"image":{"@id":"https:\/\/difilcon.fi\/wp\/#logo"}},{"@type":"WebSite","@id":"https:\/\/difilcon.fi\/wp\/#website","url":"https:\/\/difilcon.fi\/wp\/","name":"Difilcon Oy","description":"","publisher":{"@id":"https:\/\/difilcon.fi\/wp\/#organization"},"potentialAction":[{"@type":"SearchAction","target":{"@type":"EntryPoint","urlTemplate":"https:\/\/difilcon.fi\/wp\/?s={search_term_string}"},"query-input":"required name=search_term_string"}],"inLanguage":"fi"},{"@type":"WebPage","@id":"https:\/\/difilcon.fi\/wp\/laatujarjestelma\/#webpage","url":"https:\/\/difilcon.fi\/wp\/laatujarjestelma\/","name":"Johtamisj\u00e4rjestelm\u00e4 -","isPartOf":{"@id":"https:\/\/difilcon.fi\/wp\/#website"},"datePublished":"2021-08-17T11:01:01+00:00","dateModified":"2021-08-17T11:41:56+00:00","description":"Mit\u00e4 hy\u00f6ty\u00e4 yritykselle on ISO 9001 -standardista ja laatuj\u00e4rjestelm\u00e4st\u00e4?","breadcrumb":{"@id":"https:\/\/difilcon.fi\/wp\/laatujarjestelma\/#breadcrumb"},"inLanguage":"fi","potentialAction":[{"@type":"ReadAction","target":["https:\/\/difilcon.fi\/wp\/laatujarjestelma\/"]}]},{"@type":"BreadcrumbList","@id":"https:\/\/difilcon.fi\/wp\/laatujarjestelma\/#breadcrumb","itemListElement":[{"@type":"ListItem","position":1,"name":"Etusivu","item":"https:\/\/difilcon.fi\/wp\/"},{"@type":"ListItem","position":2,"name":"Johtamisj\u00e4rjestelm\u00e4"}]}]}},"_links":{"self":[{"href":"https:\/\/difilcon.fi\/wp\/wp-json\/wp\/v2\/pages\/87"}],"collection":[{"href":"https:\/\/difilcon.fi\/wp\/wp-json\/wp\/v2\/pages"}],"about":[{"href":"https:\/\/difilcon.fi\/wp\/wp-json\/wp\/v2\/types\/page"}],"author":[{"embeddable":true,"href":"https:\/\/difilcon.fi\/wp\/wp-json\/wp\/v2\/users\/1"}],"replies":[{"embeddable":true,"href":"https:\/\/difilcon.fi\/wp\/wp-json\/wp\/v2\/comments?post=87"}],"version-history":[{"count":4,"href":"https:\/\/difilcon.fi\/wp\/wp-json\/wp\/v2\/pages\/87\/revisions"}],"predecessor-version":[{"id":97,"href":"https:\/\/difilcon.fi\/wp\/wp-json\/wp\/v2\/pages\/87\/revisions\/97"}],"wp:attachment":[{"href":"https:\/\/difilcon.fi\/wp\/wp-json\/wp\/v2\/media?parent=87"}],"curies":[{"name":"wp","href":"https:\/\/api.w.org\/{rel}","templated":true}]}}